{"id":23223,"date":"2023-01-18T20:08:08","date_gmt":"2023-01-18T19:08:08","guid":{"rendered":"http:\/\/dmagroup.eu\/dma-energy\/"},"modified":"2026-03-26T16:51:59","modified_gmt":"2026-03-26T15:51:59","slug":"dma-energy","status":"publish","type":"page","link":"https:\/\/dmagroup.eu\/es\/dma-energy\/","title":{"rendered":"DMA Energy"},"content":{"rendered":"<div class=\"wpb-content-wrapper\"><section data-vc-full-width=\"true\" data-vc-full-width-init=\"false\" data-vc-stretch-content=\"true\" class=\"vc_row wpb_row vc_row-fluid  vc_custom_1507546205849 wow fadeIn vc_row-has-fill pofo-stretch-content vc_row-o-equal-height vc_row-o-content-middle vc_row-flex\"><div class=\"wpb_column vc_column_container vc_col-has-fill vc_col-sm-12 vc_col-lg-6 vc_col-md-6 vc_col-xs-12 wow fadeInLeft pofo-column-responsive-69e200a7a971d\"><div class=\"vc_column-inner cover-background bg-position-center-center vc_custom_1674068831801\"><div class=\"wpb_wrapper\"><\/div><\/div><\/div><div class=\"wpb_column vc_column_container vc_col-sm-12 vc_col-lg-6 vc_col-md-6 vc_col-xs-12 wow fadeInRight sm-text-center\"><div class=\"vc_column-inner \"><div class=\"wpb_wrapper\"><div class=\"vc_row wpb_row vc_inner vc_row-fluid  vc_custom_1509696700962 pofo-inner-row-responsive-69e200a7a984a\"><div class=\"wpb_column vc_column_container  col-xs-mobile-fullwidth pofo-column-responsive-69e200a7a9906\"><div class=\"vc_column-inner \"><div class=\"wpb_wrapper\">[vc_single_image image=\u00bb23000&#8243; img_size=\u00bbfull\u00bb css=\u00bb.vc_custom_1674068840883{padding-bottom: 5% !important;}\u00bb]<div class=\"last-paragraph-no-margin\"><p>La tecnolog\u00eda fotovoltaica (FV) permite transformar directamente luz solar en energ\u00eda el\u00e9ctrica. Se aprovecha el llamado efecto fotovoltaico que se basa en las propiedades de algunos materiales semiconductores (incluyendo silicio, elemento muy difundido en la naturaleza), que tratado adecuadamente es capaz de generar electricidad cuando es golpeado por la radiaci\u00f3n solar, por lo tanto, sin el uso de cualquier combustible. El dispositivo m\u00e1s b\u00e1sico capaz de operar una conversi\u00f3n de este tipo, es la c\u00e9lula fotovoltaica que es capaz de erogar t\u00edpicamente 1\/1,5 W de potencia, cuando es golpeado por una radiaci\u00f3n de 1000 W\/m2 (condiciones de irradiaci\u00f3n est\u00e1ndar). M\u00e1s c\u00e9lulas ensambladas y conectadas en serie juntas en una sola estructura que forma un m\u00f3dulo fotovoltaico.<\/p>\n<p><strong>DMA-ENERGY <\/strong>opera en el campo fotovoltaico, a trav\u00e9s de acuerdos comerciales y t\u00e9cnicos con importantes operadores en el sector, fabricantes nacionales y extranjeros.<\/p>\n<p>Ofrece servicios personalizados y calibrados en base a la efectiva necesidad del cliente, a trav\u00e9s de un dise\u00f1o espec\u00edfico y cuidadoso. Gracias al acuerdo con los principales instituciones de cr\u00e9dito, puede financiar inversi\u00f3n para la construcci\u00f3n de centrales fotovoltaicas de modestas dimensiones para uso privado.<\/p>\n<\/div><\/div><\/div><\/div><\/div><\/div><\/div><\/div><\/section><div class=\"vc_row-full-width vc_clearfix\"><\/div><section data-vc-full-width=\"true\" data-vc-full-width-init=\"false\" class=\"vc_row wpb_row vc_row-fluid  vc_custom_1674068877457 vc_row-has-fill pofo-stretch-content pofo-stretch-row-container\"><div class=\"wpb_column vc_column_container vc_col-sm-12  col-xs-mobile-fullwidth\"><div class=\"vc_column-inner \"><div class=\"wpb_wrapper\"><div class=\"vc_row wpb_row vc_inner vc_row-fluid\"><div class=\"wpb_column vc_column_container vc_col-sm-4  col-xs-mobile-fullwidth text-center md-text-center sm-text-center xs-text-center\"><div class=\"vc_column-inner \"><div class=\"wpb_wrapper\">[vc_single_image image=\u00bb22986&#8243; img_size=\u00bbfull\u00bb alignment=\u00bbcenter\u00bb]<span class=\"text-extra-large margin-25px-bottom display-block alt-font heading-style3  vc_custom_1679068366784  heading-1\"  style=\"color: #ffffff;\">Servicios<\/span><a  href=\"#servizi\" target=\"_self\" class=\"btn pofo-button-1 button-style2  btn-white  btn-medium   vc_custom_1679068376197\"  style=\"color:#ffffff; \">Leer Todo<\/a><\/div><\/div><\/div><div class=\"wpb_column vc_column_container vc_col-sm-4  col-xs-mobile-fullwidth text-center md-text-center sm-text-center xs-text-center\"><div class=\"vc_column-inner \"><div class=\"wpb_wrapper\">[vc_single_image image=\u00bb23012&#8243; img_size=\u00bbfull\u00bb alignment=\u00bbcenter\u00bb]<span class=\"text-extra-large margin-25px-bottom display-block alt-font heading-style3  vc_custom_1679068414357  heading-2\"  style=\"color: #ffffff;\">BUSQUEDA DEL SITIO DE TRABAJO<\/span><a  href=\"#ricerca\" target=\"_self\" class=\"btn pofo-button-2 button-style2  btn-white  btn-medium   vc_custom_1674067734555\"  style=\"color:#ffffff; \">LEGGI TUTTO<\/a><\/div><\/div><\/div><div class=\"wpb_column vc_column_container vc_col-sm-4  col-xs-mobile-fullwidth text-center md-text-center sm-text-center xs-text-center\"><div class=\"vc_column-inner \"><div class=\"wpb_wrapper\">[vc_single_image image=\u00bb23014&#8243; img_size=\u00bbfull\u00bb alignment=\u00bbcenter\u00bb]<span class=\"text-extra-large margin-25px-bottom display-block alt-font heading-style3  vc_custom_1679068447288  heading-3\"  style=\"color: #ffffff;\">ANALISIS DEL TERRITORIO<\/span><a  href=\"#analisi\" target=\"_self\" class=\"btn pofo-button-3 button-style2  btn-white  btn-medium   vc_custom_1679068456655\"  style=\"color:#ffffff; \">Leer Todo<\/a><\/div><\/div><\/div><\/div><\/div><\/div><\/div><\/section><div class=\"vc_row-full-width vc_clearfix\"><\/div><section id=\"servizi\" data-vc-full-width=\"true\" data-vc-full-width-init=\"false\" data-vc-stretch-content=\"true\" class=\"vc_row wpb_row vc_row-fluid  vc_custom_1674068970479 wow fadeIn vc_row-has-fill pofo-stretch-content vc_row-o-equal-height vc_row-o-content-middle vc_row-flex\"><div class=\"wpb_column vc_column_container vc_col-has-fill vc_col-sm-12 vc_col-lg-6 vc_col-md-6 vc_col-xs-12 wow fadeInLeft pofo-column-responsive-69e200a7aa0ab\"><div class=\"vc_column-inner cover-background bg-position-center-center vc_custom_1675276810293\"><div class=\"wpb_wrapper\"><\/div><\/div><\/div><div class=\"wpb_column vc_column_container vc_col-sm-12 vc_col-lg-6 vc_col-md-6 vc_col-xs-12 wow fadeInRight sm-text-center\"><div class=\"vc_column-inner \"><div class=\"wpb_wrapper\"><div class=\"vc_row wpb_row vc_inner vc_row-fluid  vc_custom_1509696700962 pofo-inner-row-responsive-69e200a7aa1b0\"><div class=\"wpb_column vc_column_container  col-xs-mobile-fullwidth wow fadeInLeft pofo-column-responsive-69e200a7aa27f\"><div class=\"vc_column-inner \"><div class=\"wpb_wrapper\"><h5 class=\"text-extra-dark-gray margin-20px-bottom font-weight-600 display-inline-block alt-font heading-style2  heading-4\" >Servicios<\/h5><div class=\" vc_custom_1679068404945 last-paragraph-no-margin\"><p>La tecnolog\u00eda fotovoltaica (FV) permite transformar directamente luz solar en energ\u00eda el\u00e9ctrica. Se aprovecha el llamado efecto fotovoltaico que se basa en las propiedades de algunos materiales semiconductores (incluyendo silicio, elemento muy\u00a0 difundido en la naturaleza), que tratado adecuadamente es capaz de generar electricidad cuando es golpeado por la radiaci\u00f3n solar, por lo tanto, sin el uso de cualquier combustible. El dispositivo m\u00e1s b\u00e1sico capaz de operar una conversi\u00f3n de este tipo, es la c\u00e9lula fotovoltaica que es capaz de erogar t\u00edpicamente 1\/1,5 W de potencia, cuando es golpeado por una radiaci\u00f3n de 1000 W\/m2 (condiciones de irradiaci\u00f3n est\u00e1ndar). M\u00e1s c\u00e9lulas ensambladas y conectadas en serie juntas en una sola estructura forman un m\u00f3dulo fotovoltaico.<\/p>\n<p><strong>DMA-ENERGY <\/strong>opera en el campo del fotovoltaico, a trav\u00e9s de acuerdos comerciales y t\u00e9cnicos con importantes operadores en el sector, fabricantes nacionales y extranjeros.<\/p>\n<p>Ofrece servicios personalizados y calibrados en base a la efectiva necesidad del cliente, a trav\u00e9s de un dise\u00f1o espec\u00edfico y cuidadoso. Gracias al acuerdo con los principales institucones de cr\u00e9dito, puede financiar inversi\u00f3n para la construcci\u00f3n de centrales fotovoltaicas de modestas dimensiones para uso privado.<\/p>\n<p>Adem\u00e1s, efect\u00faa el montaje y monitoreo de la central en el tiempo y por toda la duraci\u00f3n de vida de la misma.<\/p>\n<\/div><\/div><\/div><\/div><\/div><\/div><\/div><\/div><\/section><div class=\"vc_row-full-width vc_clearfix\"><\/div><section id=\"ricerca\" class=\"vc_row wpb_row vc_row-fluid   vc_row-o-content-middle vc_row-flex\"><div class=\"wpb_column vc_column_container vc_col-sm-6  col-xs-mobile-fullwidth\"><div class=\"vc_column-inner \"><div class=\"wpb_wrapper\"><h5 class=\"text-extra-dark-gray margin-20px-bottom font-weight-600 display-inline-block alt-font heading-style2  heading-5\" >BUSQUEDA DEL SITIO DE TRABAJO<\/h5><div class=\" vc_custom_1679068438762 last-paragraph-no-margin\"><p>Una valida estructura compuesta por profesionales de probada experiencia, directamente coordinados por \u201c<strong>DMA GROUP<\/strong>\u201d, \u201c<strong>DMA-ENERGY<\/strong>\u201d es capaz de individuar los espacios m\u00e1s id\u00f3neos para la realizaci\u00f3n de centrales fotovoltaicas o centrales h\u00edbridas e\u00f3lico-fotovoltaicas en \u00e1reas p\u00fablicas o privadas.<\/p>\n<p>A trav\u00e9s de su propia estructura en el territorio y gracias a la ayuda de sus consultores y profesionales locales, aunado al conocimiento personal del terreno, la \u201c<strong>DMA ENERGY<\/strong>\u201d est\u00e1 calificada para realizar las siguientes operaciones:<\/p>\n<ul>\n<li>Verificar el sitio individualizado tanto en el aspecto t\u00e9cnico como el nominativo, determinando criticidades urban\u00edsticas y territoriales, con especial atenci\u00f3n al aspecto paisaj\u00edstico<\/li>\n<li>Verificar la conveniencia econ\u00f3mica, la consistencia del dise\u00f1o, los problemas eventuales de las fases de construcci\u00f3n y la factibilidad administrativa.<\/li>\n<\/ul>\n<\/div><\/div><\/div><\/div><div class=\"wpb_column vc_column_container vc_col-sm-6  col-xs-mobile-fullwidth\"><div class=\"vc_column-inner \"><div class=\"wpb_wrapper\">[vc_single_image image=\u00bb23026&#8243; img_size=\u00bbfull\u00bb]<\/div><\/div><\/div><\/section><section id=\"analisi\" class=\"vc_row wpb_row vc_row-fluid  vc_custom_1674069051766\"><div class=\"wpb_column vc_column_container vc_col-sm-12  col-xs-mobile-fullwidth text-center md-text-center sm-text-center xs-text-center\"><div class=\"vc_column-inner \"><div class=\"wpb_wrapper\"><h5 class=\"text-extra-dark-gray margin-20px-bottom font-weight-600 display-inline-block alt-font heading-style2  heading-6\" >Analisi del territorio<\/h5><div class=\"last-paragraph-no-margin\"><p style=\"text-align: center;\">\u201c<strong>DMA GROUP<\/strong>\u201d, junto con los t\u00e9cnicos de \u201c<strong>DMA-ENERGY<\/strong>\u201d, se encargar\u00e1 de la planificaci\u00f3n y campa\u00f1a verificaci\u00f3n del sitio de irradiaci\u00f3n m\u00e1xima obtenible, mediante el uso de equipos adecuados y la asistencia de los sitios oficiales de <strong>ENEA<\/strong>, <strong>GSE<\/strong> y dem\u00e1s organizaciones internacionales; del mismo modo:<\/p>\n<\/div><div class=\"vc_row wpb_row vc_inner vc_row-fluid  vc_custom_1674068315959\"><div class=\"wpb_column vc_column_container vc_col-sm-3  col-xs-mobile-fullwidth\"><div class=\"vc_column-inner \"><div class=\"wpb_wrapper\"><div class=\"featurebox10 pofo-featurebox feature-box-10 featurebox10-1\" ><div class=\"display-inline-block padding-five-all xs-padding-15px-all margin-10px-bottom\"><span class=\"number alt-font border-width-2 border-all border-color-deep-pink border-radius-100 letter-spacing-minus-1 text-extra-dark-gray \" style=\"border-color: #e39727; border-width: 1px; border-style: solid; \">01<\/span><\/div><div class=\"alt-font text-medium text-extra-dark-gray margin-10px-bottom sm-margin-5px-bottom\">Realizar\u00e1 simulaciones de pre-dise\u00f1o y definici\u00f3n de costos de inversi\u00f3n.<\/div><\/div><\/div><\/div><\/div><div class=\"wpb_column vc_column_container vc_col-sm-3  col-xs-mobile-fullwidth\"><div class=\"vc_column-inner \"><div class=\"wpb_wrapper\"><div class=\"featurebox10 pofo-featurebox feature-box-10 featurebox10-2\" ><div class=\"display-inline-block padding-five-all xs-padding-15px-all margin-10px-bottom\"><span class=\"number alt-font border-width-2 border-all border-color-deep-pink border-radius-100 letter-spacing-minus-1 text-extra-dark-gray \" style=\"border-color: #e39727; border-width: 1px; border-style: solid; \">02<\/span><\/div><div class=\"alt-font text-medium text-extra-dark-gray margin-10px-bottom sm-margin-5px-bottom\">Se encargar\u00e1 de adquirir y transcribir los derechos de superficie del terreno ante el Registro Inmobiliario.<\/div><\/div><\/div><\/div><\/div><div class=\"wpb_column vc_column_container vc_col-sm-3  col-xs-mobile-fullwidth\"><div class=\"vc_column-inner \"><div class=\"wpb_wrapper\"><div class=\"featurebox10 pofo-featurebox feature-box-10 featurebox10-3\" ><div class=\"display-inline-block padding-five-all xs-padding-15px-all margin-10px-bottom\"><span class=\"number alt-font border-width-2 border-all border-color-deep-pink border-radius-100 letter-spacing-minus-1 text-extra-dark-gray \" style=\"border-color: #e39727; border-width: 1px; border-style: solid; \">03<\/span><\/div><div class=\"alt-font text-medium text-extra-dark-gray margin-10px-bottom sm-margin-5px-bottom\">Determinar\u00e1 los canones de la localizaci\u00f3n que corresponda durante toda la vida de la central.<\/div><\/div><\/div><\/div><\/div><div class=\"wpb_column vc_column_container vc_col-sm-3  col-xs-mobile-fullwidth\"><div class=\"vc_column-inner \"><div class=\"wpb_wrapper\"><div class=\"featurebox10 pofo-featurebox feature-box-10 featurebox10-4\" ><div class=\"display-inline-block padding-five-all xs-padding-15px-all margin-10px-bottom\"><span class=\"number alt-font border-width-2 border-all border-color-deep-pink border-radius-100 letter-spacing-minus-1 text-extra-dark-gray \" style=\"border-color: #e39727; border-width: 1px; border-style: solid; \">04<\/span><\/div><div class=\"alt-font text-medium text-extra-dark-gray margin-10px-bottom sm-margin-5px-bottom\">Definine acuerdos y estipula convenciones con las administraciones locales interesadas en la(s) central(es) fotovoltaica(s).<\/div><\/div><\/div><\/div><\/div><\/div><\/div><\/div><\/div><\/section><section data-vc-full-width=\"true\" data-vc-full-width-init=\"false\" class=\"vc_row wpb_row vc_row-fluid  vc_custom_1674053751160 wow fadeIn pofo-stretch-content pofo-stretch-row-container\"><div class=\"wpb_column vc_column_container vc_col-sm-1 vc_col-lg-2 vc_col-md-2 vc_col-xs-12 vc_hidden-xs\"><div class=\"vc_column-inner \"><div class=\"wpb_wrapper\"><\/div><\/div><\/div><div class=\"wpb_column vc_column_container vc_col-sm-10 vc_col-lg-8 vc_col-md-8 vc_col-xs-12 text-center\"><div class=\"vc_column-inner \"><div class=\"wpb_wrapper\">[vc_single_image image=\u00bb23230&#8243; img_size=\u00bbfull\u00bb alignment=\u00bbcenter\u00bb css=\u00bb.vc_custom_1679069650682{padding-bottom: 5% !important;}\u00bb]<a  href=\"http:\/\/dmagroup.eu\/wp-content\/uploads\/2023\/01\/BROCHURE_DMA_ENERGY.pdf\" target=\"_blank\" class=\"btn pofo-button-4  wow fadeInDown button-style3  btn-transparent-black  btn-medium \" >Leer Todo<\/a><\/div><\/div><\/div><div class=\"wpb_column vc_column_container vc_col-sm-1 vc_col-lg-2 vc_col-md-2 vc_col-xs-12 vc_hidden-xs\"><div class=\"vc_column-inner \"><div class=\"wpb_wrapper\"><\/div><\/div><\/div><\/section><div class=\"vc_row-full-width vc_clearfix\"><\/div>\n<\/div>","protected":false},"excerpt":{"rendered":"[vc_single_image image=\"23000\" img_size=\"full\" css=\".vc_custom_1674068840883{padding-bottom: 5% !important;}\"]La tecnolog\u00eda fotovoltaica (FV) permite transformar directamente luz solar en energ\u00eda el\u00e9ctrica. Se aprovecha el llamado efecto fotovoltaico que se basa en las propiedades de algunos materiales semiconductores (incluyendo silicio, elemento muy difundido en la naturaleza), que tratado adecuadamente es capaz de generar electricidad cuando es golpeado por la radiaci\u00f3n solar, por lo tanto, sin el uso de cualquier combustible. El dispositivo m\u00e1s b\u00e1sico capaz de operar una conversi\u00f3n de este tipo, es la c\u00e9lula fotovoltaica que es capaz de erogar t\u00edpicamente 1\/1,5 W de potencia, cuando es golpeado por una radiaci\u00f3n de 1000 W\/m2 (condiciones de irradiaci\u00f3n est\u00e1ndar). M\u00e1s c\u00e9lulas ensambladas y conectadas en serie juntas en una sola estructura que forma un m\u00f3dulo fotovoltaico. DMA-ENERGY opera en el campo fotovoltaico, a trav\u00e9s de acuerdos comerciales y t\u00e9cnicos con importantes operadores en el sector, fabricantes nacionales y extranjeros. Ofrece servicios personalizados y calibrados en base a la efectiva necesidad del cliente, a trav\u00e9s de un dise\u00f1o espec\u00edfico y cuidadoso. Gracias al acuerdo con los principales instituciones de cr\u00e9dito, puede financiar inversi\u00f3n para la construcci\u00f3n de centrales fotovoltaicas de modestas dimensiones para uso privado. [vc_single_image image=\"22986\" img_size=\"full\" alignment=\"center\"]ServiciosLeer Todo[vc_single_image image=\"23012\" img_size=\"full\" alignment=\"center\"]BUSQUEDA DEL SITIO DE...","protected":false},"author":4,"featured_media":0,"parent":0,"menu_order":0,"comment_status":"closed","ping_status":"closed","template":"","meta":{"footnotes":""},"class_list":["post-23223","page","type-page","status-publish","hentry"],"yoast_head":"<!-- This site is optimized with the Yoast SEO plugin v27.2 - https:\/\/yoast.com\/product\/yoast-seo-wordpress\/ -->\n<title>DMA Energy - DMA Group<\/title>\n<meta name=\"robots\" content=\"index, follow, max-snippet:-1, max-image-preview:large, max-video-preview:-1\" \/>\n<link rel=\"canonical\" href=\"https:\/\/dmagroup.eu\/es\/dma-energy\/\" \/>\n<meta property=\"og:locale\" content=\"es_ES\" \/>\n<meta property=\"og:type\" content=\"article\" \/>\n<meta property=\"og:title\" content=\"DMA Energy - DMA Group\" \/>\n<meta property=\"og:url\" content=\"https:\/\/dmagroup.eu\/es\/dma-energy\/\" \/>\n<meta property=\"og:site_name\" content=\"DMA Group\" \/>\n<meta property=\"article:modified_time\" content=\"2026-03-26T15:51:59+00:00\" \/>\n<meta name=\"twitter:card\" content=\"summary_large_image\" \/>\n<meta name=\"twitter:label1\" content=\"Tiempo de lectura\" \/>\n\t<meta name=\"twitter:data1\" content=\"5 minutos\" \/>\n<script type=\"application\/ld+json\" class=\"yoast-schema-graph\">{\"@context\":\"https:\/\/schema.org\",\"@graph\":[{\"@type\":\"WebPage\",\"@id\":\"https:\/\/dmagroup.eu\/es\/dma-energy\/\",\"url\":\"https:\/\/dmagroup.eu\/es\/dma-energy\/\",\"name\":\"DMA Energy - DMA Group\",\"isPartOf\":{\"@id\":\"https:\/\/dmagroup.eu\/es\/#website\"},\"datePublished\":\"2023-01-18T19:08:08+00:00\",\"dateModified\":\"2026-03-26T15:51:59+00:00\",\"breadcrumb\":{\"@id\":\"https:\/\/dmagroup.eu\/es\/dma-energy\/#breadcrumb\"},\"inLanguage\":\"es\",\"potentialAction\":[{\"@type\":\"ReadAction\",\"target\":[\"https:\/\/dmagroup.eu\/es\/dma-energy\/\"]}]},{\"@type\":\"BreadcrumbList\",\"@id\":\"https:\/\/dmagroup.eu\/es\/dma-energy\/#breadcrumb\",\"itemListElement\":[{\"@type\":\"ListItem\",\"position\":1,\"name\":\"Home\",\"item\":\"https:\/\/dmagroup.eu\/es\/\"},{\"@type\":\"ListItem\",\"position\":2,\"name\":\"DMA Energy\"}]},{\"@type\":\"WebSite\",\"@id\":\"https:\/\/dmagroup.eu\/es\/#website\",\"url\":\"https:\/\/dmagroup.eu\/es\/\",\"name\":\"DMA Group\",\"description\":\"\",\"potentialAction\":[{\"@type\":\"SearchAction\",\"target\":{\"@type\":\"EntryPoint\",\"urlTemplate\":\"https:\/\/dmagroup.eu\/es\/?s={search_term_string}\"},\"query-input\":{\"@type\":\"PropertyValueSpecification\",\"valueRequired\":true,\"valueName\":\"search_term_string\"}}],\"inLanguage\":\"es\"}]}<\/script>\n<!-- \/ Yoast SEO plugin. -->","yoast_head_json":{"title":"DMA Energy - DMA Group","robots":{"index":"index","follow":"follow","max-snippet":"max-snippet:-1","max-image-preview":"max-image-preview:large","max-video-preview":"max-video-preview:-1"},"canonical":"https:\/\/dmagroup.eu\/es\/dma-energy\/","og_locale":"es_ES","og_type":"article","og_title":"DMA Energy - DMA Group","og_url":"https:\/\/dmagroup.eu\/es\/dma-energy\/","og_site_name":"DMA Group","article_modified_time":"2026-03-26T15:51:59+00:00","twitter_card":"summary_large_image","twitter_misc":{"Tiempo de lectura":"5 minutos"},"schema":{"@context":"https:\/\/schema.org","@graph":[{"@type":"WebPage","@id":"https:\/\/dmagroup.eu\/es\/dma-energy\/","url":"https:\/\/dmagroup.eu\/es\/dma-energy\/","name":"DMA Energy - DMA Group","isPartOf":{"@id":"https:\/\/dmagroup.eu\/es\/#website"},"datePublished":"2023-01-18T19:08:08+00:00","dateModified":"2026-03-26T15:51:59+00:00","breadcrumb":{"@id":"https:\/\/dmagroup.eu\/es\/dma-energy\/#breadcrumb"},"inLanguage":"es","potentialAction":[{"@type":"ReadAction","target":["https:\/\/dmagroup.eu\/es\/dma-energy\/"]}]},{"@type":"BreadcrumbList","@id":"https:\/\/dmagroup.eu\/es\/dma-energy\/#breadcrumb","itemListElement":[{"@type":"ListItem","position":1,"name":"Home","item":"https:\/\/dmagroup.eu\/es\/"},{"@type":"ListItem","position":2,"name":"DMA Energy"}]},{"@type":"WebSite","@id":"https:\/\/dmagroup.eu\/es\/#website","url":"https:\/\/dmagroup.eu\/es\/","name":"DMA Group","description":"","potentialAction":[{"@type":"SearchAction","target":{"@type":"EntryPoint","urlTemplate":"https:\/\/dmagroup.eu\/es\/?s={search_term_string}"},"query-input":{"@type":"PropertyValueSpecification","valueRequired":true,"valueName":"search_term_string"}}],"inLanguage":"es"}]}},"_links":{"self":[{"href":"https:\/\/dmagroup.eu\/es\/wp-json\/wp\/v2\/pages\/23223","targetHints":{"allow":["GET"]}}],"collection":[{"href":"https:\/\/dmagroup.eu\/es\/wp-json\/wp\/v2\/pages"}],"about":[{"href":"https:\/\/dmagroup.eu\/es\/wp-json\/wp\/v2\/types\/page"}],"author":[{"embeddable":true,"href":"https:\/\/dmagroup.eu\/es\/wp-json\/wp\/v2\/users\/4"}],"replies":[{"embeddable":true,"href":"https:\/\/dmagroup.eu\/es\/wp-json\/wp\/v2\/comments?post=23223"}],"version-history":[{"count":6,"href":"https:\/\/dmagroup.eu\/es\/wp-json\/wp\/v2\/pages\/23223\/revisions"}],"predecessor-version":[{"id":23233,"href":"https:\/\/dmagroup.eu\/es\/wp-json\/wp\/v2\/pages\/23223\/revisions\/23233"}],"wp:attachment":[{"href":"https:\/\/dmagroup.eu\/es\/wp-json\/wp\/v2\/media?parent=23223"}],"curies":[{"name":"wp","href":"https:\/\/api.w.org\/{rel}","templated":true}]}}