{"id":22555,"date":"2023-01-18T18:31:49","date_gmt":"2023-01-18T17:31:49","guid":{"rendered":"http:\/\/dmagroup.eu\/?page_id=22555"},"modified":"2023-06-09T15:15:49","modified_gmt":"2023-06-09T13:15:49","slug":"fer","status":"publish","type":"page","link":"https:\/\/dmagroup.eu\/it\/fer\/","title":{"rendered":"FER"},"content":{"rendered":"<div class=\"wpb-content-wrapper\"><section data-vc-full-width=\"true\" data-vc-full-width-init=\"false\" data-vc-stretch-content=\"true\" class=\"vc_row wpb_row vc_row-fluid  vc_custom_1507546205849 wow fadeIn vc_row-has-fill pofo-stretch-content vc_row-o-equal-height vc_row-o-content-middle vc_row-flex\"><div class=\"wpb_column vc_column_container vc_col-has-fill vc_col-sm-12 vc_col-lg-6 vc_col-md-6 vc_col-xs-12 wow fadeInLeft pofo-column-responsive-69e1df0dac86b\"><div class=\"vc_column-inner cover-background bg-position-center-center vc_custom_1674063357604\"><div class=\"wpb_wrapper\"><\/div><\/div><\/div><div class=\"wpb_column vc_column_container vc_col-sm-12 vc_col-lg-6 vc_col-md-6 vc_col-xs-12 wow fadeInRight sm-text-center\"><div class=\"vc_column-inner \"><div class=\"wpb_wrapper\"><div class=\"vc_row wpb_row vc_inner vc_row-fluid  vc_custom_1509696700962 pofo-inner-row-responsive-69e1df0dac9b4\"><div class=\"wpb_column vc_column_container  col-xs-mobile-fullwidth pofo-column-responsive-69e1df0daca75\"><div class=\"vc_column-inner \"><div class=\"wpb_wrapper\"><div class=\"last-paragraph-no-margin\"><p>Si definiscono &#8220;<strong>FER &#8211; FONTI ENERGETICHE RINNOVABILI&#8221;<\/strong> tutte quelle fonti presenti in natura come vento, acqua, sole, massa, dalle quali, mediante sistemi tecnologici, \u00e8 possibile ricavare e produrre energia elettrica e termica pulita e rinnovabile ripetibili ciclicamente o continuativamente.<br \/>\nNegli ultimi anni il repentino sviluppo industriale e la continua necessit\u00e0 di &#8220;energia&#8221; hanno creato una richiesta energetica\u00a0 sempre pi\u00f9 forte in parallelo all&#8217;avanzamento dello sviluppo tecnologico; questo ha comportato che,\u00a0 l&#8217;uso delle energie convenzionali hanno sopperito s\u00ec alla crescente richiesta, ma hanno provocato un aumento dell&#8217;inquinamento al punto tale da sconvolgere e modificare l&#8217;intero equilibrio mondiale.<\/p>\n<p>L\u2019energia rinnovabile gioca un ruolo fondamentale nella lotta ai cambiamenti climatici e nella riduzione dell\u2019inquinamento, aiuta a diversificare e migliorare la sicurezza degli approvvigionamenti energetici e contribuisce a mantenere \u00a0l&#8217;equilibrio energetico mondiale .<br \/>\n\u00c8 per questo motivo che i leader dell\u2019Unione europea (UE) hanno approvato obiettivi nazionali obbligatori per aumentare la quota d\u2019energia rinnovabile al 20 % dei consumi finali dell\u2019Unione entro il 2020.<br \/>\nAllo stesso tempo, tutti i \u00a0governi mondiali hanno la responsabilit\u00e0 di promuovere l\u2019efficienza energetica e le energie rinnovabili, ma anche i singoli individui \u2014 in qualit\u00e0 di consumatori e produttori d\u2019energia, lavoratori, membri di nuclei familiari \u2014 devono contribuire riducendo\u00a0 i consumi finali e promuovendo le fonti meno inquinanti.<br \/>\nL\u2019impiego di fonti rinnovabili \u00e8 un metodo efficace per rendere pi\u00f9 ecosostenibile il nostro approvvigionamento energetico migliorando allo stesso tempo la qualit\u00e0 della vita.<br \/>\nIl settore energetico \u00e8 al centro della strategia mondiale per contrastare il cambiamento climatico e per ridurre in maniera significativa l\u2019inquinamento del nostro pianeta.<br \/>\nL&#8217;attuale approvvigionamento energetico \u00e8 ancora dominato da combustibili fossili che rilasciano gas serra quando sono bruciati per produrre energia.<br \/>\nLe fonti d\u2019energia rinnovabile, invece, durante il loro ciclo di vita non provocano emissioni climalteranti se non in piccole quantit\u00e0 contribuendo in maniera significativa a ridurre l\u2019inquinamento atmosferico, con ripercussioni positive dirette sulla nostra salute.<\/p>\n<\/div><\/div><\/div><\/div><\/div><\/div><\/div><\/div><\/section><div class=\"vc_row-full-width vc_clearfix\"><\/div><section data-vc-full-width=\"true\" data-vc-full-width-init=\"false\" class=\"vc_row wpb_row vc_row-fluid  vc_custom_1674063444341 pofo-stretch-content pofo-stretch-row-container\"><div class=\"wpb_column vc_column_container vc_col-sm-6  col-xs-mobile-fullwidth\"><div class=\"vc_column-inner \"><div class=\"wpb_wrapper\">[vc_single_image image=&#8221;22558&#8243; img_size=&#8221;full&#8221; css=&#8221;.vc_custom_1678980604096{padding-bottom: 5% !important;}&#8221;]<div class=\"last-paragraph-no-margin\"><p>L\u2019energia cinetica del &#8220;vento&#8221; \u00e8, tra le \u201cenergie naturali\u201d, quella che da sempre \u00e8 utilizzata dall\u2019uomo per molteplici scopi ed attivit\u00e0, sia nel settore civile che in quello industriale.<\/p>\n<p>\u00c8 considerata una fonte rinnovabile poich\u00e9 non richiede alcun tipo di combustibile, ma viene convertita prima in energia meccanica e poi in elettrica, grazie alle macchine del vento dette aerogeneratori.<br \/>\nNell\u2019ultimo decennio, il &#8220;tale fonte&#8221; ha permesso significative produzioni di energia elettrica pulita e rinnovabile a costi contenuti. &#8220;ETS&#8221;, consapevole dell\u2019importanza di questa fonte, ha indirizzato tutti i propri sforzi verso questo settore, credendo fortemente nelle sue potenzialit\u00e0, e creando una importante organizzazione nazionale per individuare siti idonei alla costruzione di centrali eoliche.<\/p>\n<\/div><div class=\"vc_row wpb_row vc_inner vc_row-fluid  vc_custom_1674066254705\"><div class=\"wpb_column vc_column_container vc_col-sm-12  col-xs-mobile-fullwidth\"><div class=\"vc_column-inner \"><div class=\"wpb_wrapper\"><a  href=\"http:\/\/dmagroup.eu\/eolico\/\" target=\"_self\" class=\"btn pofo-button-1 button-style2  btn-white  btn-medium   vc_custom_1679062366297\"  style=\"color:#ffffff; \">LEGGI TUTTO<\/a><\/div><\/div><\/div><\/div><\/div><\/div><\/div><div class=\"wpb_column vc_column_container vc_col-sm-6  col-xs-mobile-fullwidth\"><div class=\"vc_column-inner \"><div class=\"wpb_wrapper\">[vc_single_image image=&#8221;22569&#8243; img_size=&#8221;full&#8221; alignment=&#8221;center&#8221;]<\/div><\/div><\/div><\/section><div class=\"vc_row-full-width vc_clearfix\"><\/div><section data-vc-full-width=\"true\" data-vc-full-width-init=\"false\" class=\"vc_row wpb_row vc_row-fluid  vc_custom_1674063444341 pofo-stretch-content pofo-stretch-row-container\"><div class=\"wpb_column vc_column_container vc_col-sm-6  col-xs-mobile-fullwidth\"><div class=\"vc_column-inner \"><div class=\"wpb_wrapper\">[vc_single_image image=&#8221;22570&#8243; img_size=&#8221;full&#8221; alignment=&#8221;center&#8221;]<\/div><\/div><\/div><div class=\"wpb_column vc_column_container vc_col-sm-6  col-xs-mobile-fullwidth\"><div class=\"vc_column-inner \"><div class=\"wpb_wrapper\">[vc_single_image image=&#8221;22560&#8243; img_size=&#8221;full&#8221; css=&#8221;.vc_custom_1678980612365{padding-bottom: 5% !important;}&#8221;]<div class=\"last-paragraph-no-margin\"><p><strong>\u201cDMA-ENERGY\u201d <\/strong>si occupa della progettazione e la gestione di impianti e centrali fotovoltaiche.<\/p>\n<p>La continua richiesta da parte di partner internazionali di centrali fotovoltaiche, favorita anche dai vantaggiosi incentivi governativi, ha spinto <strong>\u201cDMA GROUP\u201d <\/strong>a creare un\u2019apposita struttura unicamente dedita al fotovoltaico, al fine di diversificare le attivit\u00e0 e gestire meglio le iniziative sul territorio nazionale ed europeo.<\/p>\n<p><strong>\u201cDMA-ENERGY\u201d <\/strong>\u00a0\u00e8 in grado di individuare i luoghi pi\u00f9 idonei all\u2019installazione di centrali fotovoltaiche e le migliori tecnologie e materiali reperibili sul mercato internazionale. \u201cDMA GROUP\u201dnella realizzazione delle opere progettate.<\/p>\n<\/div><div class=\"vc_row wpb_row vc_inner vc_row-fluid  vc_custom_1674066266867\"><div class=\"wpb_column vc_column_container vc_col-sm-12  col-xs-mobile-fullwidth\"><div class=\"vc_column-inner \"><div class=\"wpb_wrapper\"><a  href=\"http:\/\/dmagroup.eu\/dma-energy\/\" target=\"_self\" class=\"btn pofo-button-2 button-style2  btn-white  btn-medium   vc_custom_1679062376573\"  style=\"color:#ffffff; \">LEGGI TUTTO<\/a><\/div><\/div><\/div><\/div><\/div><\/div><\/div><\/section><div class=\"vc_row-full-width vc_clearfix\"><\/div><section data-vc-full-width=\"true\" data-vc-full-width-init=\"false\" class=\"vc_row wpb_row vc_row-fluid  vc_custom_1674063444341 pofo-stretch-content pofo-stretch-row-container\"><div class=\"wpb_column vc_column_container vc_col-sm-6  col-xs-mobile-fullwidth\"><div class=\"vc_column-inner \"><div class=\"wpb_wrapper\">[vc_single_image image=&#8221;22559&#8243; img_size=&#8221;full&#8221; css=&#8221;.vc_custom_1678980619391{padding-bottom: 5% !important;}&#8221;]<div class=\"last-paragraph-no-margin\"><div style=\"text-align: justify;\">\n<p>Sar\u00e0 la nuova societ\u00e0 della holding <strong>\u201cDMA GROUP\u201d<\/strong>, per lo sviluppo e la realizzazione di impianti a biomassa. Al suo interno opereranno professionisti ed esperti del settore FER, la cui competenza assicura alla societ\u00e0 il raggiungimento di grandi risultati in questo campo.<\/p>\n<p>Negli ultimi anni, con la presa di coscienza collettiva del grave problema dell\u2019inquinamento mondiale, le biomasse sono ritornate alla ribalta come l\u2019energia \u201camica\u201d capace di produrre, oltre al calore, anche elettricit\u00e0 in quantit\u00e0 sufficiente per soddisfare i fabbisogni industriali e civili.<\/p>\n<p>Grazie al continuo impegno nella ricerca da parte di esperti, tecnici ed industriali, si continuano a migliorare i sistemi e le tecnologie tuttora in uso per consentire uno sfruttamento sempre maggiore di questo combustibile naturale.<\/p>\n<\/div>\n<\/div><div class=\"vc_row wpb_row vc_inner vc_row-fluid\"><div class=\"wpb_column vc_column_container vc_col-sm-12  col-xs-mobile-fullwidth\"><div class=\"vc_column-inner vc_custom_1678980671080\"><div class=\"wpb_wrapper\"><a  href=\"http:\/\/dmagroup.eu\/biomass-energy\/\" target=\"_self\" class=\"btn pofo-button-3 button-style2  btn-white  btn-medium   vc_custom_1679062387735\"  style=\"color:#ffffff; \">LEGGI TUTTO<\/a><\/div><\/div><\/div><\/div><\/div><\/div><\/div><div class=\"wpb_column vc_column_container vc_col-sm-6  col-xs-mobile-fullwidth\"><div class=\"vc_column-inner \"><div class=\"wpb_wrapper\">[vc_single_image image=&#8221;22571&#8243; img_size=&#8221;full&#8221; alignment=&#8221;center&#8221;]<\/div><\/div><\/div><\/section><div class=\"vc_row-full-width vc_clearfix\"><\/div><section data-vc-full-width=\"true\" data-vc-full-width-init=\"false\" class=\"vc_row wpb_row vc_row-fluid  vc_custom_1674053751160 wow fadeIn pofo-stretch-content pofo-stretch-row-container\"><div class=\"wpb_column vc_column_container vc_col-sm-1 vc_col-lg-2 vc_col-md-2 vc_col-xs-12 vc_hidden-xs\"><div class=\"vc_column-inner \"><div class=\"wpb_wrapper\"><\/div><\/div><\/div><div class=\"wpb_column vc_column_container vc_col-sm-10 vc_col-lg-8 vc_col-md-8 vc_col-xs-12 text-center\"><div class=\"vc_column-inner \"><div class=\"wpb_wrapper\">[vc_single_image image=&#8221;22480&#8243; img_size=&#8221;full&#8221; alignment=&#8221;center&#8221; css=&#8221;.vc_custom_1674054767054{padding-bottom: 5% !important;}&#8221;]<a  href=\"http:\/\/dmagroup.eu\/wp-content\/uploads\/2023\/01\/brochure_dma_generica.pdf\" target=\"_blank\" class=\"btn pofo-button-4  wow fadeInDown button-style3  btn-transparent-black  btn-medium \" >SCARICA LA NOSTRA BROCHURE<\/a><\/div><\/div><\/div><div class=\"wpb_column vc_column_container vc_col-sm-1 vc_col-lg-2 vc_col-md-2 vc_col-xs-12 vc_hidden-xs\"><div class=\"vc_column-inner \"><div class=\"wpb_wrapper\"><\/div><\/div><\/div><\/section><div class=\"vc_row-full-width vc_clearfix\"><\/div>\n<\/div>","protected":false},"excerpt":{"rendered":"Si definiscono \"FER - FONTI ENERGETICHE RINNOVABILI\" tutte quelle fonti presenti in natura come vento, acqua, sole, massa, dalle quali, mediante sistemi tecnologici, \u00e8 possibile ricavare e produrre energia elettrica e termica pulita e rinnovabile ripetibili ciclicamente o continuativamente. Negli ultimi anni il repentino sviluppo industriale e la continua necessit\u00e0 di \"energia\" hanno creato una richiesta energetica\u00a0 sempre pi\u00f9 forte in parallelo all'avanzamento dello sviluppo tecnologico; questo ha comportato che,\u00a0 l'uso delle energie convenzionali hanno sopperito s\u00ec alla crescente richiesta, ma hanno provocato un aumento dell'inquinamento al punto tale da sconvolgere e modificare l'intero equilibrio mondiale. L\u2019energia rinnovabile gioca un ruolo fondamentale nella lotta ai cambiamenti climatici e nella riduzione dell\u2019inquinamento, aiuta a diversificare e migliorare la sicurezza degli approvvigionamenti energetici e contribuisce a mantenere \u00a0l'equilibrio energetico mondiale . \u00c8 per questo motivo che i leader dell\u2019Unione europea (UE) hanno approvato obiettivi nazionali obbligatori per aumentare la quota d\u2019energia rinnovabile al 20 % dei consumi finali dell\u2019Unione entro il 2020. Allo stesso tempo, tutti i \u00a0governi mondiali hanno la responsabilit\u00e0 di promuovere l\u2019efficienza energetica e le energie rinnovabili, ma anche i singoli individui \u2014 in qualit\u00e0 di consumatori e produttori d\u2019energia, lavoratori, membri di nuclei familiari \u2014 devono contribuire riducendo\u00a0...","protected":false},"author":4,"featured_media":0,"parent":0,"menu_order":0,"comment_status":"closed","ping_status":"open","template":"","meta":{"footnotes":""},"class_list":["post-22555","page","type-page","status-publish","hentry"],"yoast_head":"<!-- This site is optimized with the Yoast SEO plugin v27.2 - https:\/\/yoast.com\/product\/yoast-seo-wordpress\/ -->\n<title>FER - DMA Group<\/title>\n<meta name=\"robots\" content=\"index, follow, max-snippet:-1, max-image-preview:large, max-video-preview:-1\" \/>\n<link rel=\"canonical\" href=\"https:\/\/dmagroup.eu\/it\/fer\/\" \/>\n<meta property=\"og:locale\" content=\"it_IT\" \/>\n<meta property=\"og:type\" content=\"article\" \/>\n<meta property=\"og:title\" content=\"FER - DMA Group\" \/>\n<meta property=\"og:url\" content=\"https:\/\/dmagroup.eu\/it\/fer\/\" \/>\n<meta property=\"og:site_name\" content=\"DMA Group\" \/>\n<meta property=\"article:modified_time\" content=\"2023-06-09T13:15:49+00:00\" \/>\n<meta name=\"twitter:card\" content=\"summary_large_image\" \/>\n<meta name=\"twitter:label1\" content=\"Tempo di lettura stimato\" \/>\n\t<meta name=\"twitter:data1\" content=\"7 minuti\" \/>\n<script type=\"application\/ld+json\" class=\"yoast-schema-graph\">{\"@context\":\"https:\/\/schema.org\",\"@graph\":[{\"@type\":\"WebPage\",\"@id\":\"https:\/\/dmagroup.eu\/it\/fer\/\",\"url\":\"https:\/\/dmagroup.eu\/it\/fer\/\",\"name\":\"FER - DMA Group\",\"isPartOf\":{\"@id\":\"https:\/\/dmagroup.eu\/it\/#website\"},\"datePublished\":\"2023-01-18T17:31:49+00:00\",\"dateModified\":\"2023-06-09T13:15:49+00:00\",\"breadcrumb\":{\"@id\":\"https:\/\/dmagroup.eu\/it\/fer\/#breadcrumb\"},\"inLanguage\":\"it-IT\",\"potentialAction\":[{\"@type\":\"ReadAction\",\"target\":[\"https:\/\/dmagroup.eu\/it\/fer\/\"]}]},{\"@type\":\"BreadcrumbList\",\"@id\":\"https:\/\/dmagroup.eu\/it\/fer\/#breadcrumb\",\"itemListElement\":[{\"@type\":\"ListItem\",\"position\":1,\"name\":\"Home\",\"item\":\"http:\/\/dmagroup.eu\/it\/\"},{\"@type\":\"ListItem\",\"position\":2,\"name\":\"FER\"}]},{\"@type\":\"WebSite\",\"@id\":\"https:\/\/dmagroup.eu\/it\/#website\",\"url\":\"https:\/\/dmagroup.eu\/it\/\",\"name\":\"DMA Group\",\"description\":\"\",\"potentialAction\":[{\"@type\":\"SearchAction\",\"target\":{\"@type\":\"EntryPoint\",\"urlTemplate\":\"https:\/\/dmagroup.eu\/it\/?s={search_term_string}\"},\"query-input\":{\"@type\":\"PropertyValueSpecification\",\"valueRequired\":true,\"valueName\":\"search_term_string\"}}],\"inLanguage\":\"it-IT\"}]}<\/script>\n<!-- \/ Yoast SEO plugin. -->","yoast_head_json":{"title":"FER - DMA Group","robots":{"index":"index","follow":"follow","max-snippet":"max-snippet:-1","max-image-preview":"max-image-preview:large","max-video-preview":"max-video-preview:-1"},"canonical":"https:\/\/dmagroup.eu\/it\/fer\/","og_locale":"it_IT","og_type":"article","og_title":"FER - DMA Group","og_url":"https:\/\/dmagroup.eu\/it\/fer\/","og_site_name":"DMA Group","article_modified_time":"2023-06-09T13:15:49+00:00","twitter_card":"summary_large_image","twitter_misc":{"Tempo di lettura stimato":"7 minuti"},"schema":{"@context":"https:\/\/schema.org","@graph":[{"@type":"WebPage","@id":"https:\/\/dmagroup.eu\/it\/fer\/","url":"https:\/\/dmagroup.eu\/it\/fer\/","name":"FER - DMA Group","isPartOf":{"@id":"https:\/\/dmagroup.eu\/it\/#website"},"datePublished":"2023-01-18T17:31:49+00:00","dateModified":"2023-06-09T13:15:49+00:00","breadcrumb":{"@id":"https:\/\/dmagroup.eu\/it\/fer\/#breadcrumb"},"inLanguage":"it-IT","potentialAction":[{"@type":"ReadAction","target":["https:\/\/dmagroup.eu\/it\/fer\/"]}]},{"@type":"BreadcrumbList","@id":"https:\/\/dmagroup.eu\/it\/fer\/#breadcrumb","itemListElement":[{"@type":"ListItem","position":1,"name":"Home","item":"http:\/\/dmagroup.eu\/it\/"},{"@type":"ListItem","position":2,"name":"FER"}]},{"@type":"WebSite","@id":"https:\/\/dmagroup.eu\/it\/#website","url":"https:\/\/dmagroup.eu\/it\/","name":"DMA Group","description":"","potentialAction":[{"@type":"SearchAction","target":{"@type":"EntryPoint","urlTemplate":"https:\/\/dmagroup.eu\/it\/?s={search_term_string}"},"query-input":{"@type":"PropertyValueSpecification","valueRequired":true,"valueName":"search_term_string"}}],"inLanguage":"it-IT"}]}},"_links":{"self":[{"href":"https:\/\/dmagroup.eu\/it\/wp-json\/wp\/v2\/pages\/22555","targetHints":{"allow":["GET"]}}],"collection":[{"href":"https:\/\/dmagroup.eu\/it\/wp-json\/wp\/v2\/pages"}],"about":[{"href":"https:\/\/dmagroup.eu\/it\/wp-json\/wp\/v2\/types\/page"}],"author":[{"embeddable":true,"href":"https:\/\/dmagroup.eu\/it\/wp-json\/wp\/v2\/users\/4"}],"replies":[{"embeddable":true,"href":"https:\/\/dmagroup.eu\/it\/wp-json\/wp\/v2\/comments?post=22555"}],"version-history":[{"count":15,"href":"https:\/\/dmagroup.eu\/it\/wp-json\/wp\/v2\/pages\/22555\/revisions"}],"predecessor-version":[{"id":22557,"href":"https:\/\/dmagroup.eu\/it\/wp-json\/wp\/v2\/pages\/22555\/revisions\/22557"}],"wp:attachment":[{"href":"https:\/\/dmagroup.eu\/it\/wp-json\/wp\/v2\/media?parent=22555"}],"curies":[{"name":"wp","href":"https:\/\/api.w.org\/{rel}","templated":true}]}}